{"id":1076,"date":"2021-12-01T12:04:23","date_gmt":"2021-12-01T12:04:23","guid":{"rendered":"https:\/\/deesyapi.com\/?page_id=1076"},"modified":"2024-10-31T15:01:08","modified_gmt":"2024-10-31T15:01:08","slug":"cozum-ortaklarimiz","status":"publish","type":"page","link":"https:\/\/deesyapi.com\/index.php\/cozum-ortaklarimiz\/","title":{"rendered":"\u00c7\u00f6z\u00fcm Ortaklar\u0131m\u0131z"},"content":{"rendered":"\t\t<div data-elementor-type=\"wp-page\" data-elementor-id=\"1076\" class=\"elementor elementor-1076\">\n\t\t\t\t\t\t\t\t\t<section class=\"elementor-section elementor-top-section elementor-element elementor-element-7565cfa elementor-section-stretched elementor-section-boxed elementor-section-height-default elementor-section-height-default\" data-id=\"7565cfa\" data-element_type=\"section\" data-settings=\"{&quot;stretch_section&quot;:&quot;section-stretched&quot;,&quot;background_background&quot;:&quot;classic&quot;}\">\n\t\t\t\t\t\t<div class=\"elementor-container elementor-column-gap-wider\">\n\t\t\t\t\t<div class=\"elementor-column elementor-col-100 elementor-top-column elementor-element elementor-element-aa9bba1\" data-id=\"aa9bba1\" data-element_type=\"column\">\n\t\t\t<div class=\"elementor-widget-wrap\">\n\t\t\t\t\t\t\t\t\t<\/div>\n\t\t<\/div>\n\t\t\t\t\t\t\t<\/div>\n\t\t<\/section>\n\t\t\t\t<section class=\"elementor-section elementor-top-section elementor-element elementor-element-0f8490e elementor-section-boxed elementor-section-height-default elementor-section-height-default\" data-id=\"0f8490e\" data-element_type=\"section\">\n\t\t\t\t\t\t<div class=\"elementor-container elementor-column-gap-default\">\n\t\t\t\t\t<div class=\"elementor-column elementor-col-100 elementor-top-column elementor-element elementor-element-3434266\" data-id=\"3434266\" data-element_type=\"column\">\n\t\t\t<div class=\"elementor-widget-wrap\">\n\t\t\t\t\t\t\t\t\t<\/div>\n\t\t<\/div>\n\t\t\t\t\t\t\t<\/div>\n\t\t<\/section>\n\t\t\t\t<section class=\"elementor-section elementor-top-section elementor-element elementor-element-eba3a36 elementor-section-stretched elementor-section-boxed elementor-section-height-default elementor-section-height-default\" data-id=\"eba3a36\" data-element_type=\"section\" data-settings=\"{&quot;stretch_section&quot;:&quot;section-stretched&quot;}\">\n\t\t\t\t\t\t<div class=\"elementor-container elementor-column-gap-wider\">\n\t\t\t\t\t<div class=\"elementor-column elementor-col-100 elementor-top-column elementor-element elementor-element-654f874\" data-id=\"654f874\" data-element_type=\"column\">\n\t\t\t<div class=\"elementor-widget-wrap elementor-element-populated\">\n\t\t\t\t\t\t\t\t<div class=\"elementor-element elementor-element-0e10038 elementor-skin-carousel elementor-arrows-yes elementor-pagination-type-bullets elementor-pagination-position-outside elementor-widget elementor-widget-media-carousel\" data-id=\"0e10038\" data-element_type=\"widget\" data-settings=\"{&quot;skin&quot;:&quot;carousel&quot;,&quot;effect&quot;:&quot;slide&quot;,&quot;show_arrows&quot;:&quot;yes&quot;,&quot;pagination&quot;:&quot;bullets&quot;,&quot;speed&quot;:500,&quot;autoplay&quot;:&quot;yes&quot;,&quot;autoplay_speed&quot;:5000,&quot;loop&quot;:&quot;yes&quot;,&quot;pause_on_hover&quot;:&quot;yes&quot;,&quot;pause_on_interaction&quot;:&quot;yes&quot;,&quot;space_between&quot;:{&quot;unit&quot;:&quot;px&quot;,&quot;size&quot;:10,&quot;sizes&quot;:[]},&quot;space_between_tablet&quot;:{&quot;unit&quot;:&quot;px&quot;,&quot;size&quot;:10,&quot;sizes&quot;:[]},&quot;space_between_mobile&quot;:{&quot;unit&quot;:&quot;px&quot;,&quot;size&quot;:10,&quot;sizes&quot;:[]}}\" data-widget_type=\"media-carousel.default\">\n\t\t\t\t<div class=\"elementor-widget-container\">\n\t\t\t<link rel=\"stylesheet\" href=\"https:\/\/deesyapi.com\/wp-content\/plugins\/elementor-pro\/assets\/css\/widget-carousel.min.css\">\t\t<div class=\"elementor-swiper\">\n\t\t\t<div class=\"elementor-main-swiper swiper-container\">\n\t\t\t\t<div class=\"swiper-wrapper\">\n\t\t\t\t\t\t\t\t\t\t\t<div class=\"swiper-slide\">\n\t\t\t\t\t\t\t<a href=\"https:\/\/assets.master-builders-solutions.com\/tr-tr\/mbs_urun_katalogu_web.pdf\">\t\t<div class=\"elementor-carousel-image\" style=\"background-image: url(https:\/\/deesyapi.com\/wp-content\/uploads\/2021\/12\/Adsiz.png)\">\n\t\t\t\t\t<\/div>\n\t\t<\/a>\t\t\t\t\t\t<\/div>\n\t\t\t\t\t\t\t\t\t\t\t<div class=\"swiper-slide\">\n\t\t\t\t\t\t\t<a href=\"https:\/\/petratr.com\/urunler\/\">\t\t<div class=\"elementor-carousel-image\" style=\"background-image: url(https:\/\/deesyapi.com\/wp-content\/uploads\/2021\/11\/1519891504613.jpg)\">\n\t\t\t\t\t<\/div>\n\t\t<\/a>\t\t\t\t\t\t<\/div>\n\t\t\t\t\t\t\t\t\t\t\t<div class=\"swiper-slide\">\n\t\t\t\t\t\t\t<a href=\"https:\/\/www.aspen.com.tr\/upload\/dosyalar\/Genel-Urunler_High.pdf\">\t\t<div class=\"elementor-carousel-image\" style=\"background-image: url(https:\/\/deesyapi.com\/wp-content\/uploads\/2021\/11\/1583743157292.jpg)\">\n\t\t\t\t\t<\/div>\n\t\t<\/a>\t\t\t\t\t\t<\/div>\n\t\t\t\t\t\t\t\t\t\t\t<div class=\"swiper-slide\">\n\t\t\t\t\t\t\t<a href=\"https:\/\/baumit.com.tr\/files\/tr\/pdf_files\/baumit_u%CC%88ru%CC%88n_katalog%CC%86u_fo%CC%88y.pdf\">\t\t<div class=\"elementor-carousel-image\" style=\"background-image: url(https:\/\/deesyapi.com\/wp-content\/uploads\/2021\/11\/baumit_mantolama1.jpg)\">\n\t\t\t\t\t<\/div>\n\t\t<\/a>\t\t\t\t\t\t<\/div>\n\t\t\t\t\t\t\t\t\t\t\t<div class=\"swiper-slide\">\n\t\t\t\t\t\t\t<a href=\"https:\/\/www.bmigroup.com\/tr\/dokuman-kaynaklar\">\t\t<div class=\"elementor-carousel-image\" style=\"background-image: url(https:\/\/deesyapi.com\/wp-content\/uploads\/2021\/11\/cati_teras_kapama_1622322624.jpg)\">\n\t\t\t\t\t<\/div>\n\t\t<\/a>\t\t\t\t\t\t<\/div>\n\t\t\t\t\t\t\t\t\t\t\t<div class=\"swiper-slide\">\n\t\t\t\t\t\t\t<a href=\"https:\/\/www.ode.com.tr\/yuklemeler\/brosurler\/ode_teknik-yalitim_urun_klasoru_2.pdf\">\t\t<div class=\"elementor-carousel-image\" style=\"background-image: url(https:\/\/deesyapi.com\/wp-content\/uploads\/2021\/11\/logo1.png)\">\n\t\t\t\t\t<\/div>\n\t\t<\/a>\t\t\t\t\t\t<\/div>\n\t\t\t\t\t\t\t\t\t\t\t<div class=\"swiper-slide\">\n\t\t\t\t\t\t\t<a href=\"https:\/\/favoriyapi.com.tr\/wp-content\/uploads\/2020\/04\/Favori-Yap%C4%B1-Katalog.pdf\">\t\t<div class=\"elementor-carousel-image\" style=\"background-image: url(https:\/\/deesyapi.com\/wp-content\/uploads\/2021\/11\/favori.png)\">\n\t\t\t\t\t<\/div>\n\t\t<\/a>\t\t\t\t\t\t<\/div>\n\t\t\t\t\t\t\t\t\t\t\t<div class=\"swiper-slide\">\n\t\t\t\t\t\t\t\t\t<div class=\"elementor-carousel-image\" style=\"background-image: url(https:\/\/deesyapi.com\/wp-content\/uploads\/2024\/10\/SIKA.png)\">\n\t\t\t\t\t<\/div>\n\t\t\t\t\t\t\t\t<\/div>\n\t\t\t\t\t\t\t\t\t<\/div>\n\t\t\t\t\t\t\t\t\t\t\t\t\t\t\t<div class=\"swiper-pagination\"><\/div>\n\t\t\t\t\t\t\t\t\t\t\t\t\t\t\t\t<div class=\"elementor-swiper-button elementor-swiper-button-prev\">\n\t\t\t\t\t\t\t<i class=\"eicon-chevron-left\" aria-hidden=\"true\"><\/i>\n\t\t\t\t\t\t\t<span class=\"elementor-screen-only\">Previous<\/span>\n\t\t\t\t\t\t<\/div>\n\t\t\t\t\t\t<div class=\"elementor-swiper-button elementor-swiper-button-next\">\n\t\t\t\t\t\t\t<i class=\"eicon-chevron-right\" aria-hidden=\"true\"><\/i>\n\t\t\t\t\t\t\t<span class=\"elementor-screen-only\">Next<\/span>\n\t\t\t\t\t\t<\/div>\n\t\t\t\t\t\t\t\t\t\t\t\t<\/div>\n\t\t<\/div>\n\t\t\t\t<\/div>\n\t\t\t\t<\/div>\n\t\t\t\t<div class=\"elementor-element elementor-element-1d90295 elementor-widget elementor-widget-text-editor\" data-id=\"1d90295\" data-element_type=\"widget\" data-widget_type=\"text-editor.default\">\n\t\t\t\t<div class=\"elementor-widget-container\">\n\t\t\t<style>\/*! elementor - v3.6.8 - 27-07-2022 *\/\n.elementor-widget-text-editor.elementor-drop-cap-view-stacked .elementor-drop-cap{background-color:#818a91;color:#fff}.elementor-widget-text-editor.elementor-drop-cap-view-framed .elementor-drop-cap{color:#818a91;border:3px solid;background-color:transparent}.elementor-widget-text-editor:not(.elementor-drop-cap-view-default) .elementor-drop-cap{margin-top:8px}.elementor-widget-text-editor:not(.elementor-drop-cap-view-default) .elementor-drop-cap-letter{width:1em;height:1em}.elementor-widget-text-editor .elementor-drop-cap{float:left;text-align:center;line-height:1;font-size:50px}.elementor-widget-text-editor .elementor-drop-cap-letter{display:inline-block}<\/style>\t\t\t\t<h1>Bilgi ve Destek \u0130\u00e7in Bizimle \u0130leti\u015fime Ge\u00e7ebilirsiniz.<\/h1>\t\t\t\t\t\t<\/div>\n\t\t\t\t<\/div>\n\t\t\t\t<section class=\"elementor-section elementor-inner-section elementor-element elementor-element-96fa15d elementor-section-content-middle elementor-section-boxed elementor-section-height-default elementor-section-height-default\" data-id=\"96fa15d\" data-element_type=\"section\">\n\t\t\t\t\t\t<div class=\"elementor-container elementor-column-gap-default\">\n\t\t\t\t\t<div class=\"elementor-column elementor-col-25 elementor-inner-column elementor-element elementor-element-5db899a\" data-id=\"5db899a\" data-element_type=\"column\">\n\t\t\t<div class=\"elementor-widget-wrap elementor-element-populated\">\n\t\t\t\t\t\t\t\t<div class=\"elementor-element elementor-element-c28f6c1 elementor-view-default elementor-widget elementor-widget-icon\" data-id=\"c28f6c1\" data-element_type=\"widget\" data-widget_type=\"icon.default\">\n\t\t\t\t<div class=\"elementor-widget-container\">\n\t\t\t\t\t<div class=\"elementor-icon-wrapper\">\n\t\t\t<div class=\"elementor-icon\">\n\t\t\t<svg xmlns=\"http:\/\/www.w3.org\/2000\/svg\" id=\"Capa_1\" data-name=\"Capa 1\" viewBox=\"0 0 512 512\"><defs><style>.cls-1{stroke:#000;stroke-miterlimit:10;stroke-width:5px;}<\/style><\/defs><path class=\"cls-1\" d=\"M153.1,296a148.25,148.25,0,0,0,67.2-17.1c.1,0,.2-.1.3,0,10.6,5,30.9,13,48.6,10.7A12.43,12.43,0,0,0,279,282a12.24,12.24,0,0,0-1.9-12.2,117.68,117.68,0,0,1-14.9-23.6.37.37,0,0,1,.1-.3A147.88,147.88,0,0,0,266,54.8a7.54,7.54,0,0,0-11.7,9.5A133,133,0,0,1,251,236a15.47,15.47,0,0,0-2.4,16.8,138.26,138.26,0,0,0,13.5,22.3c-13.4-.1-28.7-6.6-35.1-9.6a15.69,15.69,0,0,0-13.7.3,132.09,132.09,0,0,1-60.4,15.4c-35,.5-68.5-13.1-94.2-38.1S18.6,185,18.1,150A133,133,0,0,1,230.4,41.2a7.5,7.5,0,1,0,9-12A148,148,0,0,0,3.1,149.9c.5,39,16.5,75.9,45.1,103.7C76.3,281,112.8,296,151.2,296Z\"><\/path><path class=\"cls-1\" d=\"M197.4,147.9a26.5,26.5,0,1,0,26.5-26.5A26.55,26.55,0,0,0,197.4,147.9Zm38,0a11.5,11.5,0,1,1-11.5-11.5A11.57,11.57,0,0,1,235.4,147.9Z\"><\/path><path class=\"cls-1\" d=\"M124.7,147.9a26.5,26.5,0,1,0,26.5-26.5A26.55,26.55,0,0,0,124.7,147.9Zm38,0a11.5,11.5,0,1,1-11.5-11.5A11.57,11.57,0,0,1,162.7,147.9Z\"><\/path><path class=\"cls-1\" d=\"M51.9,147.9a26.5,26.5,0,1,0,26.5-26.5A26.55,26.55,0,0,0,51.9,147.9Zm38,0a11.5,11.5,0,1,1-11.5-11.5A11.57,11.57,0,0,1,89.9,147.9Z\"><\/path><path class=\"cls-1\" d=\"M502.1,168a7.51,7.51,0,0,0-8.2,6.7A278.58,278.58,0,0,1,483,226.4c-21.6,71.9-55.2,132.3-99.8,179.7a395.89,395.89,0,0,1-40.5,37.2c-5,3.9-10,7.7-15.1,11.4C317,462.3,306,469.4,294.8,476c-29,16.9-61.5,24.2-87,19.6-4.2-.8-8.2-1.7-12-2.8,16.7-12.5,31.5-25.2,47.7-39.8,18.4-16.7,34.6-32.1,49.4-47.2l.1-.1.1-.1,8.7-9.3c54.5-52.2,95-115,120.6-186.5,0,0,4.7-13.4,4.7-13.5C440.5,157,453,115.2,464.1,72a107.28,107.28,0,0,1,22.1,34.1,112.6,112.6,0,0,1,7.4,27.7,7.52,7.52,0,1,0,14.9-2.1,127,127,0,0,0-8.4-31.4c-1-2.4-2.1-4.7-3.2-7-10.1-20.7-25.1-36-43.4-49.5-18-13.3-41.9-23.5-64-13.9a45,45,0,0,0-18.2,14.9,57,57,0,0,0-7.5,14.3c-.4,1.2-15.2,48-20.8,71.1-4.3,18-.8,31.2,11.2,41.4a65.35,65.35,0,0,0,12.6,8.2c10.6,5.4,21.7,9.9,32.8,14.4l4.6,1.8,6.1,2.3-2.3,6.5C383.2,274.1,343.9,335,291,385.6l-.3.3-3.7,4-7.8-7.7c-.6-.7-16.3-17.6-24.8-24.2-20.1-15.8-37-16.1-56.8-1.2-17.1,12.9-39.3,30.3-58.8,49.9-22.2,22.3-21.9,45.7.9,69.5a111.81,111.81,0,0,0,26.8,20.7h0c3.3,1.8,6.8,3.5,10.3,5.1.1.1.3.1.4.2a128.22,128.22,0,0,0,27.8,8.2,105.22,105.22,0,0,0,18.8,1.6c25,0,52.6-8,78.4-23,11.8-6.9,23.2-14.3,34.3-22.2,5.6-4,11-8.2,16.4-12.4,36.2-28.9,67.5-65.2,92-104.7,5.1-8.3,9.9-16.7,14.5-25.3a517.23,517.23,0,0,0,38-93.6,300.16,300.16,0,0,0,11.4-54.5,7.59,7.59,0,0,0-6.7-8.3Zm-92.4,14c-9.8-3.8-19.2-7.7-28.7-12.1-5.9-2.8-12.1-5.5-17.1-9.8-7.5-6.4-9.4-14.1-6.4-26.5,5.2-21.8,19.5-67,20.3-69.5a43.35,43.35,0,0,1,5.5-10.5,28.88,28.88,0,0,1,12.1-10c19.3-8.5,40.9,5.5,55.7,16.8.1.1.2.1.2.2-10.8,42.8-23,84.3-36.3,123.5-1.6-.6-3.5-1.3-5.3-2.1ZM173.3,483.5h0a94,94,0,0,1-22.7-17.7c-17.2-18-17.5-32.1-1.1-48.6,18.8-18.9,39.5-35.1,57.2-48.6,14.1-10.7,23.8-10.4,38.4,1.1,7.5,5.9,31.5,30.9,31.5,30.9-13.1,13.1-27.3,26.7-43.3,41.1-18.3,16.6-34.8,30.6-54.4,44.6A41.8,41.8,0,0,1,173.3,483.5Z\"><\/path><\/svg>\t\t\t<\/div>\n\t\t<\/div>\n\t\t\t\t<\/div>\n\t\t\t\t<\/div>\n\t\t\t\t\t<\/div>\n\t\t<\/div>\n\t\t\t\t<div class=\"elementor-column elementor-col-25 elementor-inner-column elementor-element elementor-element-4aeb37a\" data-id=\"4aeb37a\" data-element_type=\"column\">\n\t\t\t<div class=\"elementor-widget-wrap elementor-element-populated\">\n\t\t\t\t\t\t\t\t<div class=\"elementor-element elementor-element-193d172 elementor-widget elementor-widget-text-editor\" data-id=\"193d172\" data-element_type=\"widget\" data-widget_type=\"text-editor.default\">\n\t\t\t\t<div class=\"elementor-widget-container\">\n\t\t\t\t\t\t\t<h4 style=\"box-sizing: inherit; font-style: italic; font-variant-ligatures: normal; font-variant-caps: normal; letter-spacing: normal; color: #10293d;\"><span style=\"box-sizing: inherit; font-weight: bold;\">0364 777 03 73<br><\/span><\/h4>\t\t\t\t\t\t<\/div>\n\t\t\t\t<\/div>\n\t\t\t\t\t<\/div>\n\t\t<\/div>\n\t\t\t\t<div class=\"elementor-column elementor-col-25 elementor-inner-column elementor-element elementor-element-99acf79\" data-id=\"99acf79\" data-element_type=\"column\">\n\t\t\t<div class=\"elementor-widget-wrap elementor-element-populated\">\n\t\t\t\t\t\t\t\t<div class=\"elementor-element elementor-element-af7f3e5 elementor-view-default elementor-widget elementor-widget-icon\" data-id=\"af7f3e5\" data-element_type=\"widget\" data-widget_type=\"icon.default\">\n\t\t\t\t<div class=\"elementor-widget-container\">\n\t\t\t\t\t<div class=\"elementor-icon-wrapper\">\n\t\t\t<div class=\"elementor-icon\">\n\t\t\t<svg xmlns=\"http:\/\/www.w3.org\/2000\/svg\" id=\"Capa_1\" data-name=\"Capa 1\" viewBox=\"0 0 512 512\"><path d=\"M507,1.31a10,10,0,0,0-10,.08L313.66,109.76A10,10,0,0,0,323.83,127L455.32,49.22,210.41,303.33,88.6,266.07l159-94a10,10,0,0,0-10.18-17.22L58.91,260.39a10,10,0,0,0,2.16,18.17l145.47,44.51,64.18,116.81a2.77,2.77,0,0,0,.21.31,10,10,0,0,0,15.54,2l73.8-72.12,138.8,42.46A10.15,10.15,0,0,0,502,413a10,10,0,0,0,10-10V10A10,10,0,0,0,507,1.31ZM271.27,329.23a10,10,0,0,0-1.78,5.69v61.17l-43.83-79.76L419.58,115.12Zm18.22,82.08V348.44l49,15ZM492,389.48,295.5,329.37,492,45.7Z\"><\/path><path d=\"M164.42,347.58a10,10,0,0,0-14.14,0L56.93,440.93a10,10,0,1,0,14.14,14.14l93.35-93.35A10,10,0,0,0,164.42,347.58Z\"><\/path><path d=\"M40.07,471.93a10,10,0,0,0-14.14,0l-23,23a10,10,0,1,0,14.14,14.14l23-23A10,10,0,0,0,40.07,471.93Z\"><\/path><path d=\"M142.65,494.34a10,10,0,1,0,2.93,7.07A10.08,10.08,0,0,0,142.65,494.34Z\"><\/path><path d=\"M217.05,419.93a10,10,0,0,0-14.14,0l-49.45,49.45a10,10,0,1,0,14.14,14.14l49.45-49.44A10,10,0,0,0,217.05,419.93Z\"><\/path><path d=\"M387.7,416.14a10,10,0,0,0-14.14,0L324,465.72a10,10,0,1,0,14.14,14.14l49.58-49.58A10,10,0,0,0,387.7,416.14Z\"><\/path><path d=\"M283.5,136.31a10,10,0,1,0,2.93,7.08A10.08,10.08,0,0,0,283.5,136.31Z\"><\/path><\/svg>\t\t\t<\/div>\n\t\t<\/div>\n\t\t\t\t<\/div>\n\t\t\t\t<\/div>\n\t\t\t\t\t<\/div>\n\t\t<\/div>\n\t\t\t\t<div class=\"elementor-column elementor-col-25 elementor-inner-column elementor-element elementor-element-8fa2377\" data-id=\"8fa2377\" data-element_type=\"column\">\n\t\t\t<div class=\"elementor-widget-wrap elementor-element-populated\">\n\t\t\t\t\t\t\t\t<div class=\"elementor-element elementor-element-52e93ce elementor-widget elementor-widget-text-editor\" data-id=\"52e93ce\" data-element_type=\"widget\" data-widget_type=\"text-editor.default\">\n\t\t\t\t<div class=\"elementor-widget-container\">\n\t\t\t\t\t\t\t<h4 style=\"margin: 0;\">info@deesyapi.com<\/h4>\t\t\t\t\t\t<\/div>\n\t\t\t\t<\/div>\n\t\t\t\t\t<\/div>\n\t\t<\/div>\n\t\t\t\t\t\t\t<\/div>\n\t\t<\/section>\n\t\t\t\t<div class=\"elementor-element elementor-element-4f404b2 elementor-widget elementor-widget-spacer\" data-id=\"4f404b2\" data-element_type=\"widget\" data-widget_type=\"spacer.default\">\n\t\t\t\t<div class=\"elementor-widget-container\">\n\t\t\t<style>\/*! elementor - v3.6.8 - 27-07-2022 *\/\n.e-container.e-container--row .elementor-spacer-inner{width:var(--spacer-size)}.e-container.e-container--column .elementor-spacer-inner,.elementor-column .elementor-spacer-inner{height:var(--spacer-size)}<\/style>\t\t<div class=\"elementor-spacer\">\n\t\t\t<div class=\"elementor-spacer-inner\"><\/div>\n\t\t<\/div>\n\t\t\t\t<\/div>\n\t\t\t\t<\/div>\n\t\t\t\t\t<\/div>\n\t\t<\/div>\n\t\t\t\t\t\t\t<\/div>\n\t\t<\/section>\n\t\t\t\t\t\t\t<\/div>\n\t\t","protected":false},"excerpt":{"rendered":"<p>Previous Next Bilgi ve Destek \u0130\u00e7in Bizimle \u0130leti\u015fime Ge\u00e7ebilirsiniz. 0364 777 03 73 info@deesyapi.com<\/p>\n","protected":false},"author":2,"featured_media":0,"parent":0,"menu_order":0,"comment_status":"closed","ping_status":"closed","template":"","meta":{"footnotes":""},"class_list":["post-1076","page","type-page","status-publish","hentry"],"yoast_head":"<!-- This site is optimized with the Yoast SEO plugin v17.6 - https:\/\/yoast.com\/wordpress\/plugins\/seo\/ -->\n<title>\u00c7\u00f6z\u00fcm Ortaklar\u0131m\u0131z - Dess Yap\u0131<\/title>\n<meta name=\"robots\" content=\"index, follow, max-snippet:-1, max-image-preview:large, max-video-preview:-1\" \/>\n<link rel=\"canonical\" href=\"https:\/\/deesyapi.com\/index.php\/cozum-ortaklarimiz\/\" \/>\n<meta name=\"twitter:card\" content=\"summary_large_image\" \/>\n<meta name=\"twitter:title\" content=\"\u00c7\u00f6z\u00fcm Ortaklar\u0131m\u0131z - Dess Yap\u0131\" \/>\n<meta name=\"twitter:description\" content=\"Previous Next Bilgi ve Destek \u0130\u00e7in Bizimle \u0130leti\u015fime Ge\u00e7ebilirsiniz. 0364 777 03 73 info@deesyapi.com\" \/>\n<meta name=\"twitter:label1\" content=\"Tahmini okuma s\u00fcresi\" \/>\n\t<meta name=\"twitter:data1\" content=\"1 dakika\" \/>\n<script type=\"application\/ld+json\" class=\"yoast-schema-graph\">{\"@context\":\"https:\/\/schema.org\",\"@graph\":[{\"@type\":\"WebSite\",\"@id\":\"https:\/\/deesyapi.com\/#website\",\"url\":\"https:\/\/deesyapi.com\/\",\"name\":\"Dess Yap\\u0131\",\"description\":\"\",\"potentialAction\":[{\"@type\":\"SearchAction\",\"target\":{\"@type\":\"EntryPoint\",\"urlTemplate\":\"https:\/\/deesyapi.com\/?s={search_term_string}\"},\"query-input\":\"required name=search_term_string\"}],\"inLanguage\":\"tr\"},{\"@type\":\"WebPage\",\"@id\":\"https:\/\/deesyapi.com\/index.php\/cozum-ortaklarimiz\/#webpage\",\"url\":\"https:\/\/deesyapi.com\/index.php\/cozum-ortaklarimiz\/\",\"name\":\"\\u00c7\\u00f6z\\u00fcm Ortaklar\\u0131m\\u0131z - Dess Yap\\u0131\",\"isPartOf\":{\"@id\":\"https:\/\/deesyapi.com\/#website\"},\"datePublished\":\"2021-12-01T12:04:23+00:00\",\"dateModified\":\"2024-10-31T15:01:08+00:00\",\"breadcrumb\":{\"@id\":\"https:\/\/deesyapi.com\/index.php\/cozum-ortaklarimiz\/#breadcrumb\"},\"inLanguage\":\"tr\",\"potentialAction\":[{\"@type\":\"ReadAction\",\"target\":[\"https:\/\/deesyapi.com\/index.php\/cozum-ortaklarimiz\/\"]}]},{\"@type\":\"BreadcrumbList\",\"@id\":\"https:\/\/deesyapi.com\/index.php\/cozum-ortaklarimiz\/#breadcrumb\",\"itemListElement\":[{\"@type\":\"ListItem\",\"position\":1,\"name\":\"Anasayfa\",\"item\":\"https:\/\/deesyapi.com\/\"},{\"@type\":\"ListItem\",\"position\":2,\"name\":\"\\u00c7\\u00f6z\\u00fcm Ortaklar\\u0131m\\u0131z\"}]}]}<\/script>\n<!-- \/ Yoast SEO plugin. -->","yoast_head_json":{"title":"\u00c7\u00f6z\u00fcm Ortaklar\u0131m\u0131z - Dess Yap\u0131","robots":{"index":"index","follow":"follow","max-snippet":"max-snippet:-1","max-image-preview":"max-image-preview:large","max-video-preview":"max-video-preview:-1"},"canonical":"https:\/\/deesyapi.com\/index.php\/cozum-ortaklarimiz\/","twitter_card":"summary_large_image","twitter_title":"\u00c7\u00f6z\u00fcm Ortaklar\u0131m\u0131z - Dess Yap\u0131","twitter_description":"Previous Next Bilgi ve Destek \u0130\u00e7in Bizimle \u0130leti\u015fime Ge\u00e7ebilirsiniz. 0364 777 03 73 info@deesyapi.com","twitter_misc":{"Tahmini okuma s\u00fcresi":"1 dakika"},"schema":{"@context":"https:\/\/schema.org","@graph":[{"@type":"WebSite","@id":"https:\/\/deesyapi.com\/#website","url":"https:\/\/deesyapi.com\/","name":"Dess Yap\u0131","description":"","potentialAction":[{"@type":"SearchAction","target":{"@type":"EntryPoint","urlTemplate":"https:\/\/deesyapi.com\/?s={search_term_string}"},"query-input":"required name=search_term_string"}],"inLanguage":"tr"},{"@type":"WebPage","@id":"https:\/\/deesyapi.com\/index.php\/cozum-ortaklarimiz\/#webpage","url":"https:\/\/deesyapi.com\/index.php\/cozum-ortaklarimiz\/","name":"\u00c7\u00f6z\u00fcm Ortaklar\u0131m\u0131z - Dess Yap\u0131","isPartOf":{"@id":"https:\/\/deesyapi.com\/#website"},"datePublished":"2021-12-01T12:04:23+00:00","dateModified":"2024-10-31T15:01:08+00:00","breadcrumb":{"@id":"https:\/\/deesyapi.com\/index.php\/cozum-ortaklarimiz\/#breadcrumb"},"inLanguage":"tr","potentialAction":[{"@type":"ReadAction","target":["https:\/\/deesyapi.com\/index.php\/cozum-ortaklarimiz\/"]}]},{"@type":"BreadcrumbList","@id":"https:\/\/deesyapi.com\/index.php\/cozum-ortaklarimiz\/#breadcrumb","itemListElement":[{"@type":"ListItem","position":1,"name":"Anasayfa","item":"https:\/\/deesyapi.com\/"},{"@type":"ListItem","position":2,"name":"\u00c7\u00f6z\u00fcm Ortaklar\u0131m\u0131z"}]}]}},"_links":{"self":[{"href":"https:\/\/deesyapi.com\/index.php\/wp-json\/wp\/v2\/pages\/1076","targetHints":{"allow":["GET"]}}],"collection":[{"href":"https:\/\/deesyapi.com\/index.php\/wp-json\/wp\/v2\/pages"}],"about":[{"href":"https:\/\/deesyapi.com\/index.php\/wp-json\/wp\/v2\/types\/page"}],"author":[{"embeddable":true,"href":"https:\/\/deesyapi.com\/index.php\/wp-json\/wp\/v2\/users\/2"}],"replies":[{"embeddable":true,"href":"https:\/\/deesyapi.com\/index.php\/wp-json\/wp\/v2\/comments?post=1076"}],"version-history":[{"count":59,"href":"https:\/\/deesyapi.com\/index.php\/wp-json\/wp\/v2\/pages\/1076\/revisions"}],"predecessor-version":[{"id":1723,"href":"https:\/\/deesyapi.com\/index.php\/wp-json\/wp\/v2\/pages\/1076\/revisions\/1723"}],"wp:attachment":[{"href":"https:\/\/deesyapi.com\/index.php\/wp-json\/wp\/v2\/media?parent=1076"}],"curies":[{"name":"wp","href":"https:\/\/api.w.org\/{rel}","templated":true}]}}