{"id":662,"date":"2021-11-24T12:38:25","date_gmt":"2021-11-24T12:38:25","guid":{"rendered":"https:\/\/deesyapi.com\/?page_id=662"},"modified":"2021-11-26T14:06:08","modified_gmt":"2021-11-26T14:06:08","slug":"teklif-al","status":"publish","type":"page","link":"https:\/\/deesyapi.com\/index.php\/teklif-al\/","title":{"rendered":"Teklif Al"},"content":{"rendered":"\t\t<div data-elementor-type=\"wp-page\" data-elementor-id=\"662\" class=\"elementor elementor-662\">\n\t\t\t\t\t\t\t\t\t<section class=\"elementor-section elementor-top-section elementor-element elementor-element-c4e3d21 elementor-section-stretched elementor-section-boxed elementor-section-height-default elementor-section-height-default\" data-id=\"c4e3d21\" data-element_type=\"section\" data-settings=\"{&quot;stretch_section&quot;:&quot;section-stretched&quot;}\">\n\t\t\t\t\t\t<div class=\"elementor-container elementor-column-gap-wider\">\n\t\t\t\t\t<div class=\"elementor-column elementor-col-100 elementor-top-column elementor-element elementor-element-0e5fcb7\" data-id=\"0e5fcb7\" data-element_type=\"column\">\n\t\t\t<div class=\"elementor-widget-wrap\">\n\t\t\t\t\t\t\t\t\t<\/div>\n\t\t<\/div>\n\t\t\t\t\t\t\t<\/div>\n\t\t<\/section>\n\t\t\t\t<section class=\"elementor-section elementor-top-section elementor-element elementor-element-d8f65e3 elementor-section-boxed elementor-section-height-default elementor-section-height-default\" data-id=\"d8f65e3\" data-element_type=\"section\">\n\t\t\t\t\t\t<div class=\"elementor-container elementor-column-gap-default\">\n\t\t\t\t\t<div class=\"elementor-column elementor-col-50 elementor-top-column elementor-element elementor-element-6b0c328\" data-id=\"6b0c328\" data-element_type=\"column\" data-settings=\"{&quot;background_background&quot;:&quot;classic&quot;}\">\n\t\t\t<div class=\"elementor-widget-wrap elementor-element-populated\">\n\t\t\t\t\t\t\t\t<div class=\"elementor-element elementor-element-7341d16 elementor-widget elementor-widget-text-editor\" data-id=\"7341d16\" data-element_type=\"widget\" data-widget_type=\"text-editor.default\">\n\t\t\t\t<div class=\"elementor-widget-container\">\n\t\t\t<style>\/*! elementor - v3.6.8 - 27-07-2022 *\/\n.elementor-widget-text-editor.elementor-drop-cap-view-stacked .elementor-drop-cap{background-color:#818a91;color:#fff}.elementor-widget-text-editor.elementor-drop-cap-view-framed .elementor-drop-cap{color:#818a91;border:3px solid;background-color:transparent}.elementor-widget-text-editor:not(.elementor-drop-cap-view-default) .elementor-drop-cap{margin-top:8px}.elementor-widget-text-editor:not(.elementor-drop-cap-view-default) .elementor-drop-cap-letter{width:1em;height:1em}.elementor-widget-text-editor .elementor-drop-cap{float:left;text-align:center;line-height:1;font-size:50px}.elementor-widget-text-editor .elementor-drop-cap-letter{display:inline-block}<\/style>\t\t\t\t<h2>Teklif Formu<\/h2>\t\t\t\t\t\t<\/div>\n\t\t\t\t<\/div>\n\t\t\t\t<div class=\"elementor-element elementor-element-df36352 elementor-widget elementor-widget-shortcode\" data-id=\"df36352\" data-element_type=\"widget\" data-widget_type=\"shortcode.default\">\n\t\t\t\t<div class=\"elementor-widget-container\">\n\t\t\t\t\t<div class=\"elementor-shortcode\"><div role=\"form\" class=\"wpcf7\" id=\"wpcf7-f326-o1\" lang=\"en-US\" dir=\"ltr\">\n<div class=\"screen-reader-response\"><p role=\"status\" aria-live=\"polite\" aria-atomic=\"true\"><\/p> <ul><\/ul><\/div>\n<form action=\"\/index.php\/wp-json\/wp\/v2\/pages\/662#wpcf7-f326-o1\" method=\"post\" class=\"wpcf7-form init\" novalidate=\"novalidate\" data-status=\"init\">\n<div style=\"display: none;\">\n<input type=\"hidden\" name=\"_wpcf7\" value=\"326\" \/>\n<input type=\"hidden\" name=\"_wpcf7_version\" value=\"5.5.2\" \/>\n<input type=\"hidden\" name=\"_wpcf7_locale\" value=\"en_US\" \/>\n<input type=\"hidden\" name=\"_wpcf7_unit_tag\" value=\"wpcf7-f326-o1\" \/>\n<input type=\"hidden\" name=\"_wpcf7_container_post\" value=\"0\" \/>\n<input type=\"hidden\" name=\"_wpcf7_posted_data_hash\" value=\"\" \/>\n<\/div>\n<div class=\"column one\"><label><span class=\"wpcf7-form-control-wrap your-name\"><input type=\"text\" name=\"your-name\" value=\"\" size=\"40\" class=\"wpcf7-form-control wpcf7-text wpcf7-validates-as-required\" aria-required=\"true\" aria-invalid=\"false\" placeholder=\"\u0130sim\" \/><\/span> <\/label><\/div>\n<div class=\"column one\"><label><span class=\"wpcf7-form-control-wrap your-surname\"><input type=\"text\" name=\"your-surname\" value=\"\" size=\"40\" class=\"wpcf7-form-control wpcf7-text wpcf7-validates-as-required\" aria-required=\"true\" aria-invalid=\"false\" placeholder=\"Soyisim\" \/><\/span> <\/label><\/div>\n<div class=\"column one\"><label><span class=\"wpcf7-form-control-wrap tel-309\"><input type=\"tel\" name=\"tel-309\" value=\"\" size=\"40\" class=\"wpcf7-form-control wpcf7-text wpcf7-tel wpcf7-validates-as-tel\" aria-invalid=\"false\" placeholder=\"Telefon\" \/><\/span><\/label><\/div>\n<div class=\"column one\"><label><span class=\"wpcf7-form-control-wrap your-email\"><input type=\"email\" name=\"your-email\" value=\"\" size=\"40\" class=\"wpcf7-form-control wpcf7-text wpcf7-email wpcf7-validates-as-required wpcf7-validates-as-email\" aria-required=\"true\" aria-invalid=\"false\" placeholder=\"Email\" \/><\/span><\/label><\/div>\n<div class=\"column one\"><label><span class=\"wpcf7-form-control-wrap your-message\"><textarea name=\"your-message\" cols=\"40\" rows=\"10\" class=\"wpcf7-form-control wpcf7-textarea\" aria-invalid=\"false\" placeholder=\"Talep Edilen \u0130\u015f\/\u00dcr\u00fcn\"><\/textarea><\/span> <\/label><\/div>\n<div class=\"column one\"><input type=\"submit\" value=\"G\u00f6nder\" class=\"wpcf7-form-control has-spinner wpcf7-submit\" \/><\/div>\n<div class=\"wpcf7-response-output\" aria-hidden=\"true\"><\/div><\/form><\/div><\/div>\n\t\t\t\t<\/div>\n\t\t\t\t<\/div>\n\t\t\t\t\t<\/div>\n\t\t<\/div>\n\t\t\t\t<div class=\"elementor-column elementor-col-50 elementor-top-column elementor-element elementor-element-a0a3d37\" data-id=\"a0a3d37\" data-element_type=\"column\">\n\t\t\t<div class=\"elementor-widget-wrap elementor-element-populated\">\n\t\t\t\t\t\t\t\t<section class=\"elementor-section elementor-inner-section elementor-element elementor-element-1478e66 elementor-section-boxed elementor-section-height-default elementor-section-height-default\" data-id=\"1478e66\" data-element_type=\"section\">\n\t\t\t\t\t\t<div class=\"elementor-container elementor-column-gap-default\">\n\t\t\t\t\t<div class=\"elementor-column elementor-col-100 elementor-inner-column elementor-element elementor-element-7d427ef\" data-id=\"7d427ef\" data-element_type=\"column\">\n\t\t\t<div class=\"elementor-widget-wrap elementor-element-populated\">\n\t\t\t\t\t\t\t\t<div class=\"elementor-element elementor-element-b5f2f09 elementor-widget elementor-widget-text-editor\" data-id=\"b5f2f09\" data-element_type=\"widget\" data-widget_type=\"text-editor.default\">\n\t\t\t\t<div class=\"elementor-widget-container\">\n\t\t\t\t\t\t\t<h1>Formu Doldurarak Bizimle H\u0131zl\u0131 Bir \u015eekilde \u0130leti\u015fime Ge\u00e7ebilirsiniz<\/h1>\t\t\t\t\t\t<\/div>\n\t\t\t\t<\/div>\n\t\t\t\t\t<\/div>\n\t\t<\/div>\n\t\t\t\t\t\t\t<\/div>\n\t\t<\/section>\n\t\t\t\t\t<\/div>\n\t\t<\/div>\n\t\t\t\t\t\t\t<\/div>\n\t\t<\/section>\n\t\t\t\t\t\t\t<\/div>\n\t\t","protected":false},"excerpt":{"rendered":"<p>Teklif Formu Formu Doldurarak Bizimle H\u0131zl\u0131 Bir \u015eekilde \u0130leti\u015fime Ge\u00e7ebilirsiniz<\/p>\n","protected":false},"author":2,"featured_media":0,"parent":0,"menu_order":0,"comment_status":"closed","ping_status":"closed","template":"","meta":{"footnotes":""},"class_list":["post-662","page","type-page","status-publish","hentry"],"yoast_head":"<!-- This site is optimized with the Yoast SEO plugin v17.6 - https:\/\/yoast.com\/wordpress\/plugins\/seo\/ -->\n<title>Teklif Al - Dess Yap\u0131<\/title>\n<meta name=\"robots\" content=\"index, follow, max-snippet:-1, max-image-preview:large, max-video-preview:-1\" \/>\n<link rel=\"canonical\" href=\"https:\/\/deesyapi.com\/index.php\/teklif-al\/\" \/>\n<meta name=\"twitter:card\" content=\"summary_large_image\" \/>\n<meta name=\"twitter:title\" content=\"Teklif Al - Dess Yap\u0131\" \/>\n<meta name=\"twitter:description\" content=\"Teklif Formu Formu Doldurarak Bizimle H\u0131zl\u0131 Bir \u015eekilde \u0130leti\u015fime Ge\u00e7ebilirsiniz\" \/>\n<meta name=\"twitter:label1\" content=\"Tahmini okuma s\u00fcresi\" \/>\n\t<meta name=\"twitter:data1\" content=\"1 dakika\" \/>\n<script type=\"application\/ld+json\" class=\"yoast-schema-graph\">{\"@context\":\"https:\/\/schema.org\",\"@graph\":[{\"@type\":\"WebSite\",\"@id\":\"https:\/\/deesyapi.com\/#website\",\"url\":\"https:\/\/deesyapi.com\/\",\"name\":\"Dess Yap\\u0131\",\"description\":\"\",\"potentialAction\":[{\"@type\":\"SearchAction\",\"target\":{\"@type\":\"EntryPoint\",\"urlTemplate\":\"https:\/\/deesyapi.com\/?s={search_term_string}\"},\"query-input\":\"required name=search_term_string\"}],\"inLanguage\":\"tr\"},{\"@type\":\"WebPage\",\"@id\":\"https:\/\/deesyapi.com\/index.php\/teklif-al\/#webpage\",\"url\":\"https:\/\/deesyapi.com\/index.php\/teklif-al\/\",\"name\":\"Teklif Al - Dess Yap\\u0131\",\"isPartOf\":{\"@id\":\"https:\/\/deesyapi.com\/#website\"},\"datePublished\":\"2021-11-24T12:38:25+00:00\",\"dateModified\":\"2021-11-26T14:06:08+00:00\",\"breadcrumb\":{\"@id\":\"https:\/\/deesyapi.com\/index.php\/teklif-al\/#breadcrumb\"},\"inLanguage\":\"tr\",\"potentialAction\":[{\"@type\":\"ReadAction\",\"target\":[\"https:\/\/deesyapi.com\/index.php\/teklif-al\/\"]}]},{\"@type\":\"BreadcrumbList\",\"@id\":\"https:\/\/deesyapi.com\/index.php\/teklif-al\/#breadcrumb\",\"itemListElement\":[{\"@type\":\"ListItem\",\"position\":1,\"name\":\"Anasayfa\",\"item\":\"https:\/\/deesyapi.com\/\"},{\"@type\":\"ListItem\",\"position\":2,\"name\":\"Teklif Al\"}]}]}<\/script>\n<!-- \/ Yoast SEO plugin. -->","yoast_head_json":{"title":"Teklif Al - Dess Yap\u0131","robots":{"index":"index","follow":"follow","max-snippet":"max-snippet:-1","max-image-preview":"max-image-preview:large","max-video-preview":"max-video-preview:-1"},"canonical":"https:\/\/deesyapi.com\/index.php\/teklif-al\/","twitter_card":"summary_large_image","twitter_title":"Teklif Al - Dess Yap\u0131","twitter_description":"Teklif Formu Formu Doldurarak Bizimle H\u0131zl\u0131 Bir \u015eekilde \u0130leti\u015fime Ge\u00e7ebilirsiniz","twitter_misc":{"Tahmini okuma s\u00fcresi":"1 dakika"},"schema":{"@context":"https:\/\/schema.org","@graph":[{"@type":"WebSite","@id":"https:\/\/deesyapi.com\/#website","url":"https:\/\/deesyapi.com\/","name":"Dess Yap\u0131","description":"","potentialAction":[{"@type":"SearchAction","target":{"@type":"EntryPoint","urlTemplate":"https:\/\/deesyapi.com\/?s={search_term_string}"},"query-input":"required name=search_term_string"}],"inLanguage":"tr"},{"@type":"WebPage","@id":"https:\/\/deesyapi.com\/index.php\/teklif-al\/#webpage","url":"https:\/\/deesyapi.com\/index.php\/teklif-al\/","name":"Teklif Al - Dess Yap\u0131","isPartOf":{"@id":"https:\/\/deesyapi.com\/#website"},"datePublished":"2021-11-24T12:38:25+00:00","dateModified":"2021-11-26T14:06:08+00:00","breadcrumb":{"@id":"https:\/\/deesyapi.com\/index.php\/teklif-al\/#breadcrumb"},"inLanguage":"tr","potentialAction":[{"@type":"ReadAction","target":["https:\/\/deesyapi.com\/index.php\/teklif-al\/"]}]},{"@type":"BreadcrumbList","@id":"https:\/\/deesyapi.com\/index.php\/teklif-al\/#breadcrumb","itemListElement":[{"@type":"ListItem","position":1,"name":"Anasayfa","item":"https:\/\/deesyapi.com\/"},{"@type":"ListItem","position":2,"name":"Teklif Al"}]}]}},"_links":{"self":[{"href":"https:\/\/deesyapi.com\/index.php\/wp-json\/wp\/v2\/pages\/662","targetHints":{"allow":["GET"]}}],"collection":[{"href":"https:\/\/deesyapi.com\/index.php\/wp-json\/wp\/v2\/pages"}],"about":[{"href":"https:\/\/deesyapi.com\/index.php\/wp-json\/wp\/v2\/types\/page"}],"author":[{"embeddable":true,"href":"https:\/\/deesyapi.com\/index.php\/wp-json\/wp\/v2\/users\/2"}],"replies":[{"embeddable":true,"href":"https:\/\/deesyapi.com\/index.php\/wp-json\/wp\/v2\/comments?post=662"}],"version-history":[{"count":7,"href":"https:\/\/deesyapi.com\/index.php\/wp-json\/wp\/v2\/pages\/662\/revisions"}],"predecessor-version":[{"id":738,"href":"https:\/\/deesyapi.com\/index.php\/wp-json\/wp\/v2\/pages\/662\/revisions\/738"}],"wp:attachment":[{"href":"https:\/\/deesyapi.com\/index.php\/wp-json\/wp\/v2\/media?parent=662"}],"curies":[{"name":"wp","href":"https:\/\/api.w.org\/{rel}","templated":true}]}}